{"id":774,"date":"2014-10-22T07:09:50","date_gmt":"2014-10-22T07:09:50","guid":{"rendered":"http:\/\/www.lydiajakson.com\/en\/avaleht\/"},"modified":"2020-09-21T23:38:25","modified_gmt":"2020-09-21T21:38:25","slug":"avaleht","status":"publish","type":"page","link":"http:\/\/www.lydiajakson.com\/en\/","title":{"rendered":"Avaleht"},"content":{"rendered":"<p><div class=\"et_pb_section et_pb_fullwidth_section et_section_regular\">\n\t\t\t\n\t\t\t\n\t\t\t\t\n\t\t\t\t<div class=\"et_pb_slider et_pb_slider_parallax et_slider_auto et_slider_speed_7000\">\n\t\t\t<div class=\"et_pb_slides\">\n\t\t\t\t<div class=\"et_pb_slide et_pb_bg_layout_light et_pb_media_alignment_center\" style='background-color:#ffffff;'>\n\t\t\t<div class=\"et_parallax_bg et_pb_parallax_css\" style=\"background-image: url(http:\/\/www.lydiajakson.com\/wp-content\/uploads\/2014\/10\/MG_6251.jpg);\"><\/div>\n\t\t\t<div class=\"et_pb_container clearfix\">\n\t\t\t\t\n\t\t\t\t<div class=\"et_pb_slide_description\">\n\t\t\t\t\t\n\t\t\t\t\t<div class=\"et_pb_slide_content\"><\/div>\n\t\t\t\t\t<a href=\"https:\/\/book.saloninfra.ee\/kulmustuudio\" class=\"et_pb_more_button\">BRONEERI AEG JUBA T\u00c4NA<\/a>\n\t\t\t\t<\/div> <!-- .et_pb_slide_description -->\n\t\t\t<\/div> <!-- .et_pb_container -->\n\t\t\t\n\t\t<\/div> <!-- .et_pb_slide -->\n\t\t<div class=\"et_pb_slide et_pb_bg_layout_light et_pb_media_alignment_center\" style='background-color:#ffffff;'>\n\t\t\t<div class=\"et_parallax_bg et_pb_parallax_css\" style=\"background-image: url(http:\/\/www.lydiajakson.com\/wp-content\/uploads\/2014\/10\/MG_6387t.jpg);\"><\/div>\n\t\t\t<div class=\"et_pb_container clearfix\">\n\t\t\t\t\n\t\t\t\t<div class=\"et_pb_slide_description\">\n\t\t\t\t\t\n\t\t\t\t\t<div class=\"et_pb_slide_content\"><\/div>\n\t\t\t\t\t<a href=\"https:\/\/book.saloninfra.ee\/kulmustuudio\" class=\"et_pb_more_button\">BRONEERI AEG JUBA T\u00c4NA<\/a>\n\t\t\t\t<\/div> <!-- .et_pb_slide_description -->\n\t\t\t<\/div> <!-- .et_pb_container -->\n\t\t\t\n\t\t<\/div> <!-- .et_pb_slide -->\n\t\t<div class=\"et_pb_slide et_pb_bg_layout_light et_pb_media_alignment_center\" style='background-color:#ffffff;'>\n\t\t\t<div class=\"et_parallax_bg et_pb_parallax_css\" style=\"background-image: url(http:\/\/www.lydiajakson.com\/wp-content\/uploads\/2014\/10\/10341539_10203895651496208_9204468701090835475_n.jpg);\"><\/div>\n\t\t\t<div class=\"et_pb_container clearfix\">\n\t\t\t\t\n\t\t\t\t<div class=\"et_pb_slide_description\">\n\t\t\t\t\t\n\t\t\t\t\t<div class=\"et_pb_slide_content\"><\/div>\n\t\t\t\t\t<a href=\"https:\/\/book.saloninfra.ee\/kulmustuudio\" class=\"et_pb_more_button\">BRONEERI AEG JUBA T\u00c4NA<\/a>\n\t\t\t\t<\/div> <!-- .et_pb_slide_description -->\n\t\t\t<\/div> <!-- .et_pb_container -->\n\t\t\t\n\t\t<\/div> <!-- .et_pb_slide -->\n\t\t\n\t\t\t<\/div> <!-- .et_pb_slides -->\n\t\t<\/div> <!-- .et_pb_slider -->\n\t\t\n\t\t\t\n\t\t<\/div> <!-- .et_pb_section --><div class=\"et_pb_section et_pb_inner_shadow et_section_regular et_section_transparent\">\n\t\t\t\n\t\t\t\n\t\t\t\t\n\t\t\t\t<div class=\"et_pb_row\">\n\t\t\t<div class=\"et_pb_column et_pb_column_1_3\">\n\t\t\t<div class=\"et_pb_blurb et_pb_bg_layout_light et_pb_text_align_center et_pb_blurb_position_top\">\n\t\t\t<div class=\"et_pb_blurb_content\">\n\t\t\t\t<div class=\"et_pb_main_blurb_image\"><a href=\"http:\/\/www.lydiajakson.com\/jumestus\/\" target=\"_blank\"><img decoding=\"async\" src=\"http:\/\/www.lydiajakson.com\/wp-content\/uploads\/2017\/11\/meigiteenused.jpg\" alt=\"\" class=\"et-waypoint et_pb_animation_left\" \/><\/a><\/div>\n\t\t\t\t<h4><a href=\"http:\/\/www.lydiajakson.com\/jumestus\/\" target=\"_blank\">Meigiteenused<\/a><\/h4>\n\t\t\t\t\n\t\t\t<\/div> <!-- .et_pb_blurb_content -->\n\t\t<\/div> <!-- .et_pb_blurb -->\n\t\t<\/div> <!-- .et_pb_column --><div class=\"et_pb_column et_pb_column_1_3\">\n\t\t\t<div class=\"et_pb_blurb et_pb_bg_layout_light et_pb_text_align_center et_pb_blurb_position_top\">\n\t\t\t<div class=\"et_pb_blurb_content\">\n\t\t\t\t<div class=\"et_pb_main_blurb_image\"><a href=\"http:\/\/www.lydiajakson.com\/kulmudisain\/\" target=\"_blank\"><img decoding=\"async\" src=\"http:\/\/www.lydiajakson.com\/wp-content\/uploads\/2017\/11\/3Dkulmuhooldus.jpg\" alt=\"\" class=\"et-waypoint et_pb_animation_bottom\" \/><\/a><\/div>\n\t\t\t\t<h4><a href=\"http:\/\/www.lydiajakson.com\/kulmudisain\/\" target=\"_blank\">Kulmudisain<\/a><\/h4>\n\t\t\t\t\n\t\t\t<\/div> <!-- .et_pb_blurb_content -->\n\t\t<\/div> <!-- .et_pb_blurb -->\n\t\t<\/div> <!-- .et_pb_column --><div class=\"et_pb_column et_pb_column_1_3\">\n\t\t\t<div class=\"et_pb_blurb et_pb_bg_layout_light et_pb_text_align_center et_pb_blurb_position_top\">\n\t\t\t<div class=\"et_pb_blurb_content\">\n\t\t\t\t<div class=\"et_pb_main_blurb_image\"><a href=\"http:\/\/www.lydiajakson.com\/lashlift\" target=\"_blank\"><img decoding=\"async\" src=\"http:\/\/www.lydiajakson.com\/wp-content\/uploads\/2017\/11\/lashlift.jpg\" alt=\"\" class=\"et-waypoint et_pb_animation_right\" \/><\/a><\/div>\n\t\t\t\t<h4><a href=\"http:\/\/www.lydiajakson.com\/lashlift\" target=\"_blank\">Lash Lift<\/a><\/h4>\n\t\t\t\t\n\t\t\t<\/div> <!-- .et_pb_blurb_content -->\n\t\t<\/div> <!-- .et_pb_blurb -->\n\t\t<\/div> <!-- .et_pb_column -->\n\t\t<\/div> <!-- .et_pb_row -->\n\t\t\t\n\t\t<\/div> <!-- .et_pb_section --><div class=\"et_pb_section et_section_regular\" style='background-color:#ffffff;'>\n\t\t\t\n\t\t\t\n\t\t\t\t\n\t\t\t\t<div class=\"et_pb_row\">\n\t\t\t<div class=\"et_pb_column et_pb_column_1_2\">\n\t\t\t<div class=\"et_pb_testimonial et_pb_bg_layout_light et_pb_text_align_left et_pb_testimonial_no_bg clearfix\">\n\t\t\t<div class=\"et_pb_testimonial_portrait\" style=\"background-image: url(http:\/\/www.lydiajakson.com\/wp-content\/uploads\/2014\/10\/Liis-Leht-Randma-pruudimeik1.jpg);\">\n\t\t\t<\/div>\n\t\t\t<div class=\"et_pb_testimonial_description\">\n\t\t\t\t\n<p><em>Lydia Feodora teeb oma t\u00f6\u00f6d suure armastuse ja p\u00fchendumusega. V\u00e4ga vastutulelik ja kliendis\u00f5bralik. Arvestab alati kliendi soovidega ja on valmis ka koju tulema, kui see on kliendile mugavam. Olen v\u00e4ga rahul!<\/em><\/p>\n\n\t\t\t\t<strong class=\"et_pb_testimonial_author\">Liis Randma, endine Leht - \u00f5nnelik pruut<\/strong>\n\t\t\t\t<p class=\"et_pb_testimonial_meta\"><\/p>\n\t\t\t<\/div> <!-- .et_pb_testimonial_description -->\n\t\t<\/div> <!-- .et_pb_testimonial --><div class=\"et_pb_testimonial et_pb_testimonial_no_image et_pb_bg_layout_light et_pb_text_align_left clearfix\" style=\"background-color: #f5f5f5;\">\n\t\t\t\n\t\t\t<div class=\"et_pb_testimonial_description\">\n\t\t\t\t\n<p>Armastan oma uusi kulmukesi \ud83d\ude42 soovitan k\u00f5igile, kes on h\u00e4das oma kujutute v\u00f5i taltsutamatute kulmudega!<\/p>\n\n\t\t\t\t<strong class=\"et_pb_testimonial_author\">Lisa Tamm<\/strong>\n\t\t\t\t<p class=\"et_pb_testimonial_meta\"><\/p>\n\t\t\t<\/div> <!-- .et_pb_testimonial_description -->\n\t\t<\/div> <!-- .et_pb_testimonial --><div class=\"et_pb_testimonial et_pb_testimonial_no_image et_pb_bg_layout_light et_pb_text_align_left clearfix\" style=\"background-color: #f5f5f5;\">\n\t\t\t\n\t\t\t<div class=\"et_pb_testimonial_description\">\n\t\t\t\t\n<p>Olen k\u00e4inud paljude erinevate tehnikute juures ja n\u00fc\u00fcdseks p\u00fcsima j\u00e4\u00e4nud Lydia juurde. T\u00f5epoolest parim tehnik! Pole pidanud kordagi pettuma, tulemuseks on alati T\u00c4IUSLIKUD KULMUD! Kohe n\u00e4ha, et inimene on s\u00fcdamega asja juures. Soovitan soojalt! \ud83d\ude42<\/p>\n\n\t\t\t\t<strong class=\"et_pb_testimonial_author\">Eva Lilleorg<\/strong>\n\t\t\t\t<p class=\"et_pb_testimonial_meta\"><\/p>\n\t\t\t<\/div> <!-- .et_pb_testimonial_description -->\n\t\t<\/div> <!-- .et_pb_testimonial --><div class=\"et_pb_testimonial et_pb_testimonial_no_image et_pb_bg_layout_light et_pb_text_align_left clearfix\" style=\"background-color: #f5f5f5;\">\n\t\t\t\n\t\t\t<div class=\"et_pb_testimonial_description\">\n\t\t\t\t\n<p>Lydia oskab seda, mida ta teeb!<br \/>\nAlati l\u00e4hen hea tuju ja imeilusate kulmudega ta juurest \u00e4ra \ud83d\ude42<\/p>\n\n\t\t\t\t<strong class=\"et_pb_testimonial_author\">Eva J\u00e4rveots<\/strong>\n\t\t\t\t<p class=\"et_pb_testimonial_meta\"><\/p>\n\t\t\t<\/div> <!-- .et_pb_testimonial_description -->\n\t\t<\/div> <!-- .et_pb_testimonial -->\n\t\t<\/div> <!-- .et_pb_column --><div class=\"et_pb_column et_pb_column_1_2\">\n\t\t\t<div class=\"et_pb_testimonial et_pb_bg_layout_light et_pb_text_align_left clearfix\" style=\"background-color: #f5f5f5;\">\n\t\t\t<div class=\"et_pb_testimonial_portrait\" style=\"background-image: url(http:\/\/www.lydiajakson.com\/wp-content\/uploads\/2014\/10\/mirjamkalmann-veeb-_MG_2013.jpg);\">\n\t\t\t<\/div>\n\t\t\t<div class=\"et_pb_testimonial_description\">\n\t\t\t\t\n<p>Lydia on olnud kahel hooajal minu r\u00f5ivakollektsiooni meigikunstnik. Asjalik ja loov suhtumine oma t\u00f6\u00f6sse teeb temaga koost\u00f6\u00f6 v\u00e4ga m\u00f5nusaks. Lydia loodud make-up kollektsioonile &#8216;Mosaiik&#8217; p\u00e4lvis Ontic Minerals&#8217;i eripreemia moekonkursil Moedepoo 2013.<\/p>\n\n\t\t\t\t<strong class=\"et_pb_testimonial_author\">Mirjam Kalmann <\/strong>\n\t\t\t\t<p class=\"et_pb_testimonial_meta\">R\u00f5ivadisainer<\/p>\n\t\t\t<\/div> <!-- .et_pb_testimonial_description -->\n\t\t<\/div> <!-- .et_pb_testimonial --><div class=\"et_pb_testimonial et_pb_testimonial_no_image et_pb_bg_layout_light et_pb_text_align_left clearfix\" style=\"background-color: #f5f5f5;\">\n\t\t\t\n\t\t\t<div class=\"et_pb_testimonial_description\">\n\t\t\t\t\n<p>Soovitan k\u00f5igile, kel kulmudega probleeme! Lahkusin v\u00e4ga kaunite kulmudega ja nii-nii \u00f5nnelikuna \ud83d\ude42 Lydia on t\u00f5eline proff!<\/p>\n\n\t\t\t\t<strong class=\"et_pb_testimonial_author\">Siiri Iiris<\/strong>\n\t\t\t\t<p class=\"et_pb_testimonial_meta\"><\/p>\n\t\t\t<\/div> <!-- .et_pb_testimonial_description -->\n\t\t<\/div> <!-- .et_pb_testimonial --><div class=\"et_pb_testimonial et_pb_testimonial_no_image et_pb_bg_layout_light et_pb_text_align_left clearfix\" style=\"background-color: #f5f5f5;\">\n\t\t\t\n\t\t\t<div class=\"et_pb_testimonial_description\">\n\t\t\t\t\n<p>Naine kuldsete k\u00e4tega! T\u00f6\u00f6 kiire ning jumalik! Lihtsalt ei saa peegli eest \u00e4ra! Ilusad kulmud on kauni meigi &#8211; ja ka meigita n\u00e4o A &amp; O!<\/p>\n\n\t\t\t\t<strong class=\"et_pb_testimonial_author\">Triinu Halliste<\/strong>\n\t\t\t\t<p class=\"et_pb_testimonial_meta\"><\/p>\n\t\t\t<\/div> <!-- .et_pb_testimonial_description -->\n\t\t<\/div> <!-- .et_pb_testimonial -->\n\t\t<\/div> <!-- .et_pb_column -->\n\t\t<\/div> <!-- .et_pb_row --><div class=\"et_pb_row\">\n\t\t\t<div class=\"et_pb_column et_pb_column_4_4\">\n\t\t\t<div class=\"et_pb_text et_pb_bg_layout_light et_pb_text_align_left\">\n\t\t\t\t\t<div id=\"sbi_mod_error\" >\n\t\t\t<span>This error message is only visible to WordPress admins<\/span><br\/>\n\t\t\t<p><strong>Error: No feed found.<\/strong>\n\t\t\t<p>Please go to the Instagram Feed settings page to create a feed.<\/p>\n\t\t<\/div>\n\t\t\n\t\t<\/div> <!-- .et_pb_text -->\n\t\t<\/div> <!-- .et_pb_column -->\n\t\t<\/div> <!-- .et_pb_row --><div class=\"et_pb_row\">\n\t\t\t<div class=\"et_pb_column et_pb_column_1_2\">\n\t\t\t<div class=\"et_pb_text et_pb_bg_layout_light et_pb_text_align_left\">\n\t\t\t\n\t\t<\/div> <!-- .et_pb_text -->\n\t\t<\/div> <!-- .et_pb_column --><div class=\"et_pb_column et_pb_column_1_4\">\n\t\t\t<div class=\"et_pb_text et_pb_bg_layout_light et_pb_text_align_left\">\n\t\t\t\n\t\t<\/div> <!-- .et_pb_text -->\n\t\t<\/div> <!-- .et_pb_column --><div class=\"et_pb_column et_pb_column_1_4\">\n\t\t\t<ul class=\"et_pb_social_media_follow et_pb_bg_layout_light clearfix\">\n\t\t\t<li class=\"et_pb_social_icon et_pb_social_network_link et-social-facebook\">\n\t\t\t<a href=\"https:\/\/www.facebook.com\/kulmuakadeemia\" class=\"icon circle\" title=\"facebook\" target=\"_blank\" style=\"background-color: #3b5998;\"><span>facebook<\/span><\/a>\n\t\t\t\n\t\t<\/li><li class=\"et_pb_social_icon et_pb_social_network_link et-social-instagram\">\n\t\t\t<a href=\"https:\/\/instagram.com\/lydiafeodorabrowart\" class=\"icon circle\" title=\"Instagram\" target=\"_blank\" style=\"background-color: #517fa4;\"><span>Instagram<\/span><\/a>\n\t\t\t\n\t\t<\/li>\n\t\t<\/ul> <!-- .et_pb_counters -->\n\t\t<\/div> <!-- .et_pb_column -->\n\t\t<\/div> <!-- .et_pb_row -->\n\t\t\t\n\t\t<\/div> <!-- .et_pb_section --><\/p>\n","protected":false},"excerpt":{"rendered":"","protected":false},"author":1,"featured_media":0,"parent":0,"menu_order":1,"comment_status":"closed","ping_status":"closed","template":"","meta":{"jetpack_post_was_ever_published":false,"footnotes":""},"class_list":["post-774","page","type-page","status-publish","hentry"],"jetpack_shortlink":"https:\/\/wp.me\/P5gjDX-cu","jetpack_sharing_enabled":true,"_links":{"self":[{"href":"http:\/\/www.lydiajakson.com\/en\/wp-json\/wp\/v2\/pages\/774","targetHints":{"allow":["GET"]}}],"collection":[{"href":"http:\/\/www.lydiajakson.com\/en\/wp-json\/wp\/v2\/pages"}],"about":[{"href":"http:\/\/www.lydiajakson.com\/en\/wp-json\/wp\/v2\/types\/page"}],"author":[{"embeddable":true,"href":"http:\/\/www.lydiajakson.com\/en\/wp-json\/wp\/v2\/users\/1"}],"replies":[{"embeddable":true,"href":"http:\/\/www.lydiajakson.com\/en\/wp-json\/wp\/v2\/comments?post=774"}],"version-history":[{"count":1,"href":"http:\/\/www.lydiajakson.com\/en\/wp-json\/wp\/v2\/pages\/774\/revisions"}],"predecessor-version":[{"id":1106,"href":"http:\/\/www.lydiajakson.com\/en\/wp-json\/wp\/v2\/pages\/774\/revisions\/1106"}],"wp:attachment":[{"href":"http:\/\/www.lydiajakson.com\/en\/wp-json\/wp\/v2\/media?parent=774"}],"curies":[{"name":"wp","href":"https:\/\/api.w.org\/{rel}","templated":true}]}}