{"id":772,"date":"2014-10-22T07:11:37","date_gmt":"2014-10-22T07:11:37","guid":{"rendered":"http:\/\/www.lydiajakson.com\/fi\/minust\/"},"modified":"2016-10-31T04:18:08","modified_gmt":"2016-10-31T02:18:08","slug":"minust","status":"publish","type":"page","link":"https:\/\/www.lydiajakson.com\/fi\/minust\/","title":{"rendered":"Minust"},"content":{"rendered":"<div class=\"et_pb_section et_section_regular\" style='background-color:#ffffff;'>\n\t\t\t\n\t\t\t\n\t\t\t\t\n\t\t\t\t<div class=\"et_pb_row\">\n\t\t\t<div class=\"et_pb_column et_pb_column_4_4\">\n\t\t\t<div class=\"et_pb_text et_pb_bg_layout_light et_pb_text_align_left\">\n\t\t\t\n<p>Rahvusvahelise v\u00f5istluse &#8220;Eesti Parim Kulmutehnik 2016&#8221; II koha omanik!<\/p>\n<p>Kui ma vaatan oma elus tagasi viie aasta v\u00f5rra, ei osanud ma uneski n\u00e4ha, et v\u00f5iksin tegeleda sellega, mida teen t\u00e4na. Minu lugu ei ole t\u00fc\u00fcpiline \u201colen juba lapsep\u00f5lvest saadik unistanud saada meikariks\u201d. Ma olen tavaline inimene, kellel veel m\u00f5ni aasta tagasi oli olematu kunstianne ning puudus igasugune suurem huvi ilumaailma vastu.<\/p>\n<p>Olles tudeng rahvusvahelise \u00f5iguse grupis, otsustasin ma p\u00e4eva pealt oma elus p\u00f6\u00f6rde teha &#8211; 2013.\u00a0aasta \u00fchel talvehommikul \u00e4rgates, otsustasin minna meigikooli. Sellest hetkest algaski tee uues suunas. Olen v\u00e4ga \u00f5nnelik, et sellise muudatuse tegin ning julgustan k\u00f5iki inimesi j\u00e4rgima oma sisetunnet ja soove.<br \/>\n2013. ja 2014. aastatel oli mul suurep\u00e4rane v\u00f5imalus osaleda grimeerijana mitmete Balti Filmi- ja Meediakooli tudengite projektides (\u201cMeiek\u00fcla lood\u201d, \u201cJ\u00e4tkub\u201d, \u201cShnegurochka\u201d, He Took The Bottle, But Left The Girl\u201d), lisaks ka mitmetes moeshow\u2019des, sh. Ka Riia Moen\u00e4dalal assisteerides Eesti meigikunsti absoluutset tippu Katrin Sangla\u2019t. Minu t\u00f6id on avaldatud veebis avaldatavates v\u00e4lismaistes moeajakirjades, koost\u00f6\u00f6s stilist Mariliin Saar\u2019e, mitmete imeliste modellide ja andekate fotograafidega.<\/p>\n<p>Alates 2014. aastast olen spetsialiseerunud kulmustilistikale, arendades end igap\u00e4evaselt nii teiste koolitajate k\u00e4e all, kui ka iseseisvalt.<\/p>\n<p>2015. aasta teises pooles algas koost\u00f6\u00f6 Ruthie Belle&#8217;ga, teostades kulmustilistika ja erinevate tehnikate koolitusti.<br \/>\n2016. aasta kolmanda kvartali l\u00f5puks on minu poolt koolitatud \u00fcle 70 \u00f5pilase, kes on \u00f5ppinud kulmustilistikat koos 3D kulmuhooldusega, Ultimate Brow tehnikat, hennaga t\u00f6\u00f6tamist, Lash Lift&#8217;i.<\/p>\n<p>2016. aasta augustis t\u00e4itsin enda unistuse l\u00e4bides microblading koolituse. See m\u00f5te keerles mu peas ammu, kuid kuna olen oma t\u00f6\u00f6 suhtes v\u00e4ga n\u00f5udlik, siis tundsin, et ei olnud veel valmis tegema kellegi n\u00e4kku midagi nii p\u00fcsivat nagu seda on microblading. Aasta keskpaigas tuli aga suur enesekindlus ning valisin koolitajaks Baltic Brows Academy Kaunases, Leedus. Valik osutus ainu\u00f5igeks ning peale personaalse koolituse l\u00e4bimist ja pikka harjutamist olen valmis pakkuma teenust laiemale ringkonnale.<\/p>\n<p>Olen t\u00e4nulik k\u00f5ikidele klientidele, et olete minu juurde j\u00f5udnud! Armastan oma t\u00f6\u00f6d, oma kliente ning teen oma asja s\u00fcdamega.<\/p>\n<p>Armastust, heatahtlikkust ja avatud meelt!<\/p>\n<p>Lydia Feodora Jakson<\/p>\n<p><a href=\"http:\/\/www.lydiajakson.com\/wp-content\/uploads\/2014\/10\/n\u00f6\u00f6rparemal-vol-2-16-9.jpg\"><img loading=\"lazy\" decoding=\"async\" class=\"alignnone size-medium wp-image-915\" src=\"http:\/\/www.lydiajakson.com\/wp-content\/uploads\/2014\/10\/n\u00f6\u00f6rparemal-vol-2-16-9-300x169.jpg\" alt=\"\" width=\"300\" height=\"169\" srcset=\"https:\/\/www.lydiajakson.com\/wp-content\/uploads\/2014\/10\/n\u00f6\u00f6rparemal-vol-2-16-9-300x169.jpg 300w, https:\/\/www.lydiajakson.com\/wp-content\/uploads\/2014\/10\/n\u00f6\u00f6rparemal-vol-2-16-9-768x432.jpg 768w, https:\/\/www.lydiajakson.com\/wp-content\/uploads\/2014\/10\/n\u00f6\u00f6rparemal-vol-2-16-9-1024x576.jpg 1024w, https:\/\/www.lydiajakson.com\/wp-content\/uploads\/2014\/10\/n\u00f6\u00f6rparemal-vol-2-16-9-1080x608.jpg 1080w, https:\/\/www.lydiajakson.com\/wp-content\/uploads\/2014\/10\/n\u00f6\u00f6rparemal-vol-2-16-9.jpg 1964w\" sizes=\"auto, (max-width: 300px) 100vw, 300px\" \/><\/a><\/p>\n\n\t\t<\/div> <!-- .et_pb_text -->\n\t\t<\/div> <!-- .et_pb_column -->\n\t\t<\/div> <!-- .et_pb_row -->\n\t\t\t\n\t\t<\/div> <!-- .et_pb_section -->\n","protected":false},"excerpt":{"rendered":"","protected":false},"author":1,"featured_media":0,"parent":0,"menu_order":2,"comment_status":"closed","ping_status":"closed","template":"","meta":{"jetpack_post_was_ever_published":false,"footnotes":""},"class_list":["post-772","page","type-page","status-publish","hentry"],"jetpack_shortlink":"https:\/\/wp.me\/P5gjDX-cs","jetpack_sharing_enabled":true,"_links":{"self":[{"href":"https:\/\/www.lydiajakson.com\/fi\/wp-json\/wp\/v2\/pages\/772","targetHints":{"allow":["GET"]}}],"collection":[{"href":"https:\/\/www.lydiajakson.com\/fi\/wp-json\/wp\/v2\/pages"}],"about":[{"href":"https:\/\/www.lydiajakson.com\/fi\/wp-json\/wp\/v2\/types\/page"}],"author":[{"embeddable":true,"href":"https:\/\/www.lydiajakson.com\/fi\/wp-json\/wp\/v2\/users\/1"}],"replies":[{"embeddable":true,"href":"https:\/\/www.lydiajakson.com\/fi\/wp-json\/wp\/v2\/comments?post=772"}],"version-history":[{"count":1,"href":"https:\/\/www.lydiajakson.com\/fi\/wp-json\/wp\/v2\/pages\/772\/revisions"}],"predecessor-version":[{"id":973,"href":"https:\/\/www.lydiajakson.com\/fi\/wp-json\/wp\/v2\/pages\/772\/revisions\/973"}],"wp:attachment":[{"href":"https:\/\/www.lydiajakson.com\/fi\/wp-json\/wp\/v2\/media?parent=772"}],"curies":[{"name":"wp","href":"https:\/\/api.w.org\/{rel}","templated":true}]}}